{"id":2656,"date":"2021-07-22T15:44:40","date_gmt":"2021-07-22T13:44:40","guid":{"rendered":"https:\/\/dev.treativa.it\/bozze\/tancredi\/reservierungen\/"},"modified":"2023-05-25T11:15:43","modified_gmt":"2023-05-25T09:15:43","slug":"reservierungen","status":"publish","type":"page","link":"https:\/\/osteriaditancredi.it\/de\/reservierungen\/","title":{"rendered":"Reservierungen"},"content":{"rendered":"\t\t<div data-elementor-type=\"wp-page\" data-elementor-id=\"2656\" class=\"elementor elementor-2656 elementor-236\" data-elementor-post-type=\"page\">\n\t\t\t\t\t\t<section class=\"elementor-section elementor-top-section elementor-element elementor-element-1ab13e2 elementor-section-full_width elementor-section-height-default elementor-section-height-default\" data-id=\"1ab13e2\" data-element_type=\"section\" data-e-type=\"section\">\n\t\t\t\t\t\t<div class=\"elementor-container elementor-column-gap-no\">\n\t\t\t\t\t<div class=\"elementor-column elementor-col-100 elementor-top-column elementor-element elementor-element-ac193ea\" data-id=\"ac193ea\" data-element_type=\"column\" data-e-type=\"column\">\n\t\t\t<div class=\"elementor-widget-wrap elementor-element-populated\">\n\t\t\t\t\t\t<div class=\"elementor-element elementor-element-91d906f elementor-widget elementor-widget-text-editor\" data-id=\"91d906f\" data-element_type=\"widget\" data-e-type=\"widget\" data-widget_type=\"text-editor.default\">\n\t\t\t\t<div class=\"elementor-widget-container\">\n\t\t\t\t\t\t\t\t\t<div><\/div>\n\t\t\t\t\t\t\t\t<\/div>\n\t\t\t\t<\/div>\n\t\t\t\t\t<\/div>\n\t\t<\/div>\n\t\t\t\t\t<\/div>\n\t\t<\/section>\n\t\t\t\t<section class=\"elementor-section elementor-top-section elementor-element elementor-element-a036e47 elementor-section-boxed elementor-section-height-default elementor-section-height-default\" data-id=\"a036e47\" data-element_type=\"section\" data-e-type=\"section\" data-settings=\"{&quot;background_background&quot;:&quot;classic&quot;}\">\n\t\t\t\t\t\t<div class=\"elementor-container elementor-column-gap-custom\">\n\t\t\t\t\t<div class=\"elementor-column elementor-col-100 elementor-top-column elementor-element elementor-element-3cb836a\" data-id=\"3cb836a\" data-element_type=\"column\" data-e-type=\"column\">\n\t\t\t<div class=\"elementor-widget-wrap elementor-element-populated\">\n\t\t\t\t\t\t<div class=\"elementor-element elementor-element-5a4df27 elementor-widget elementor-widget-heading\" data-id=\"5a4df27\" data-element_type=\"widget\" data-e-type=\"widget\" data-widget_type=\"heading.default\">\n\t\t\t\t<div class=\"elementor-widget-container\">\n\t\t\t\t\t<h2 class=\"elementor-heading-title elementor-size-default\">Unsere Kontaktdaten<\/h2>\t\t\t\t<\/div>\n\t\t\t\t<\/div>\n\t\t\t\t<div class=\"elementor-element elementor-element-5048f96 elementor-widget-divider--view-line elementor-widget elementor-widget-divider\" data-id=\"5048f96\" data-element_type=\"widget\" data-e-type=\"widget\" data-widget_type=\"divider.default\">\n\t\t\t\t<div class=\"elementor-widget-container\">\n\t\t\t\t\t\t\t<div class=\"elementor-divider\">\n\t\t\t<span class=\"elementor-divider-separator\">\n\t\t\t\t\t\t<\/span>\n\t\t<\/div>\n\t\t\t\t\t\t<\/div>\n\t\t\t\t<\/div>\n\t\t\t\t\t<\/div>\n\t\t<\/div>\n\t\t\t\t\t<\/div>\n\t\t<\/section>\n\t\t\t\t<section class=\"elementor-section elementor-top-section elementor-element elementor-element-24298b2 elementor-section-boxed elementor-section-height-default elementor-section-height-default elementor-invisible\" data-id=\"24298b2\" data-element_type=\"section\" data-e-type=\"section\" data-settings=\"{&quot;animation&quot;:&quot;fadeIn&quot;}\">\n\t\t\t\t\t\t<div class=\"elementor-container elementor-column-gap-default\">\n\t\t\t\t\t<div class=\"elementor-column elementor-col-50 elementor-top-column elementor-element elementor-element-694bed7\" data-id=\"694bed7\" data-element_type=\"column\" data-e-type=\"column\">\n\t\t\t<div class=\"elementor-widget-wrap elementor-element-populated\">\n\t\t\t\t\t\t<div class=\"elementor-element elementor-element-8fa2d9e elementor-widget elementor-widget-heading\" data-id=\"8fa2d9e\" data-element_type=\"widget\" data-e-type=\"widget\" data-widget_type=\"heading.default\">\n\t\t\t\t<div class=\"elementor-widget-container\">\n\t\t\t\t\t<h2 class=\"elementor-heading-title elementor-size-default\">M\u00f6chten Sie einen Tisch reservieren?<\/h2>\t\t\t\t<\/div>\n\t\t\t\t<\/div>\n\t\t\t\t<div class=\"elementor-element elementor-element-31ea386 elementor-widget-divider--view-line elementor-widget elementor-widget-divider\" data-id=\"31ea386\" data-element_type=\"widget\" data-e-type=\"widget\" data-widget_type=\"divider.default\">\n\t\t\t\t<div class=\"elementor-widget-container\">\n\t\t\t\t\t\t\t<div class=\"elementor-divider\">\n\t\t\t<span class=\"elementor-divider-separator\">\n\t\t\t\t\t\t<\/span>\n\t\t<\/div>\n\t\t\t\t\t\t<\/div>\n\t\t\t\t<\/div>\n\t\t\t\t<div class=\"elementor-element elementor-element-3272dac elementor-widget elementor-widget-text-editor\" data-id=\"3272dac\" data-element_type=\"widget\" data-e-type=\"widget\" data-widget_type=\"text-editor.default\">\n\t\t\t\t<div class=\"elementor-widget-container\">\n\t\t\t\t\t\t\t\t\t<p class=\"p1\">Schreiben Sie uns, wir melden uns so schnell wie m\u00f6glich zur\u00fcck!<\/p>\n\t\t\t\t\t\t\t\t<\/div>\n\t\t\t\t<\/div>\n\t\t\t\t<div class=\"elementor-element elementor-element-a063829 elementor-widget elementor-widget-html\" data-id=\"a063829\" data-element_type=\"widget\" data-e-type=\"widget\" data-widget_type=\"html.default\">\n\t\t\t\t<div class=\"elementor-widget-container\">\n\t\t\t\t\t\n<div class=\"wpcf7 no-js\" id=\"wpcf7-f2661-o1\" lang=\"de-DE\" dir=\"ltr\" data-wpcf7-id=\"2661\">\n<div class=\"screen-reader-response\"><p role=\"status\" aria-live=\"polite\" aria-atomic=\"true\"><\/p> <ul><\/ul><\/div>\n<form action=\"\/de\/wp-json\/wp\/v2\/pages\/2656#wpcf7-f2661-o1\" method=\"post\" class=\"wpcf7-form init wpcf7-acceptance-as-validation\" aria-label=\"Kontaktformular\" novalidate=\"novalidate\" data-status=\"init\">\n<fieldset class=\"hidden-fields-container\"><input type=\"hidden\" name=\"_wpcf7\" value=\"2661\" \/><input type=\"hidden\" name=\"_wpcf7_version\" value=\"6.1.5\" \/><input type=\"hidden\" name=\"_wpcf7_locale\" value=\"de_DE\" \/><input type=\"hidden\" name=\"_wpcf7_unit_tag\" value=\"wpcf7-f2661-o1\" \/><input type=\"hidden\" name=\"_wpcf7_container_post\" value=\"0\" \/><input type=\"hidden\" name=\"_wpcf7_posted_data_hash\" value=\"\" \/><input type=\"hidden\" name=\"_wpcf7_recaptcha_response\" value=\"\" \/>\n<\/fieldset>\n<div id=\"responsive-form\" class=\"clearfix\">\n\t<div class=\"form-row\">\n\t\t<div class=\"column-half\">\n\t\t\t<p><span class=\"wpcf7-form-control-wrap\" data-name=\"your-name\"><input size=\"40\" maxlength=\"400\" class=\"wpcf7-form-control wpcf7-text wpcf7-validates-as-required\" aria-required=\"true\" aria-invalid=\"false\" placeholder=\"Vorname *\" value=\"\" type=\"text\" name=\"your-name\" \/><\/span>\n\t\t\t<\/p>\n\t\t<\/div>\n\t\t<div class=\"column-half\">\n\t\t\t<p><span class=\"wpcf7-form-control-wrap\" data-name=\"your-surname\"><input size=\"40\" maxlength=\"400\" class=\"wpcf7-form-control wpcf7-text wpcf7-validates-as-required\" aria-required=\"true\" aria-invalid=\"false\" placeholder=\"Nachname *\" value=\"\" type=\"text\" name=\"your-surname\" \/><\/span>\n\t\t\t<\/p>\n\t\t<\/div>\n\t<\/div>\n\t<div class=\"form-row\">\n\t\t<div class=\"column-half\">\n\t\t\t<p><span class=\"wpcf7-form-control-wrap\" data-name=\"your-email\"><input size=\"40\" maxlength=\"400\" class=\"wpcf7-form-control wpcf7-email wpcf7-validates-as-required wpcf7-text wpcf7-validates-as-email\" aria-required=\"true\" aria-invalid=\"false\" placeholder=\"E-Mail-Adresse *\" value=\"\" type=\"email\" name=\"your-email\" \/><\/span>\n\t\t\t<\/p>\n\t\t<\/div>\n\t\t<div class=\"column-half\">\n\t\t\t<p><span class=\"wpcf7-form-control-wrap\" data-name=\"your-phone\"><input size=\"40\" maxlength=\"400\" class=\"wpcf7-form-control wpcf7-tel wpcf7-validates-as-required wpcf7-text wpcf7-validates-as-tel\" aria-required=\"true\" aria-invalid=\"false\" placeholder=\"Telefonnummer *\" value=\"\" type=\"tel\" name=\"your-phone\" \/><\/span>\n\t\t\t<\/p>\n\t\t<\/div>\n\t<\/div>\n\t<div class=\"form-row\">\n\t\t<div class=\"column-full\">\n\t\t\t<p><span class=\"wpcf7-form-control-wrap\" data-name=\"your-message\"><textarea cols=\"40\" rows=\"10\" maxlength=\"2000\" class=\"wpcf7-form-control wpcf7-textarea\" aria-invalid=\"false\" placeholder=\"Nachricht *\" name=\"your-message\"><\/textarea><\/span>\n\t\t\t<\/p>\n\t\t<\/div>\n\t<\/div>\n\t<div class=\"form-row\">\n\t\t<div class=\"column-full\" id=\"privacy_wrapp1\" style=\"font-family:Zen Maru Gothic, Sans-serif;\">\n\t\t\t<p><span class=\"wpcf7-form-control-wrap\" data-name=\"privacy\"><span class=\"wpcf7-form-control wpcf7-acceptance\"><span class=\"wpcf7-list-item\"><input type=\"checkbox\" name=\"privacy\" value=\"1\" aria-invalid=\"false\" \/><\/span><\/span><\/span> Ich habe die <a href=\"https:\/\/www.iubenda.com\/privacy-policy\/37583835\" class=\"iubenda-nostyle no-brand iubenda-noiframe iubenda-embed iubenda-noiframe \" title=\"Datenschutzerkl\u00e4rung \">Datenschutzerkl\u00e4rung<\/a><script type=\"text\/javascript\">(function (w,d) {var loader = function () {var s = d.createElement(\"script\"), tag = d.getElementsByTagName(\"script\")[0]; s.src=\"https:\/\/cdn.iubenda.com\/iubenda.js\"; tag.parentNode.insertBefore(s,tag);}; if(w.addEventListener){w.addEventListener(\"load\", loader, false);}else if(w.attachEvent){w.attachEvent(\"onload\", loader);}else{w.onload = loader;}})(window, document);<\/script>\n\t\t\t<\/p>\n\t\t<\/div>\n\t<\/div>\n\t<div class=\"form-row\">\n\t\t<div class=\"column-full\">\n\t\t\t<p><input class=\"wpcf7-form-control wpcf7-submit has-spinner\" type=\"submit\" value=\"Senden\" \/>\n\t\t\t<\/p>\n\t\t<\/div>\n\t<\/div>\n<\/div><!--end responsive-form--><div class=\"wpcf7-response-output\" aria-hidden=\"true\"><\/div>\n<\/form>\n<\/div>\n\t\t\t\t<\/div>\n\t\t\t\t<\/div>\n\t\t\t\t\t<\/div>\n\t\t<\/div>\n\t\t\t\t<div class=\"elementor-column elementor-col-50 elementor-top-column elementor-element elementor-element-52949d2\" data-id=\"52949d2\" data-element_type=\"column\" data-e-type=\"column\" data-settings=\"{&quot;background_background&quot;:&quot;classic&quot;}\">\n\t\t\t<div class=\"elementor-widget-wrap elementor-element-populated\">\n\t\t\t\t\t\t<div class=\"elementor-element elementor-element-aaa4ec0 elementor-widget elementor-widget-heading\" data-id=\"aaa4ec0\" data-element_type=\"widget\" data-e-type=\"widget\" data-widget_type=\"heading.default\">\n\t\t\t\t<div class=\"elementor-widget-container\">\n\t\t\t\t\t<h2 class=\"elementor-heading-title elementor-size-default\">L'Osteria di Tancredi<\/h2>\t\t\t\t<\/div>\n\t\t\t\t<\/div>\n\t\t\t\t<div class=\"elementor-element elementor-element-5cf5b27 elementor-widget-divider--view-line elementor-widget elementor-widget-divider\" data-id=\"5cf5b27\" data-element_type=\"widget\" data-e-type=\"widget\" data-widget_type=\"divider.default\">\n\t\t\t\t<div class=\"elementor-widget-container\">\n\t\t\t\t\t\t\t<div class=\"elementor-divider\">\n\t\t\t<span class=\"elementor-divider-separator\">\n\t\t\t\t\t\t<\/span>\n\t\t<\/div>\n\t\t\t\t\t\t<\/div>\n\t\t\t\t<\/div>\n\t\t\t\t<div class=\"elementor-element elementor-element-d89381e elementor-widget elementor-widget-spacer\" data-id=\"d89381e\" data-element_type=\"widget\" data-e-type=\"widget\" data-widget_type=\"spacer.default\">\n\t\t\t\t<div class=\"elementor-widget-container\">\n\t\t\t\t\t\t\t<div class=\"elementor-spacer\">\n\t\t\t<div class=\"elementor-spacer-inner\"><\/div>\n\t\t<\/div>\n\t\t\t\t\t\t<\/div>\n\t\t\t\t<\/div>\n\t\t\t\t<div class=\"elementor-element elementor-element-c572333 elementor-widget elementor-widget-text-editor\" data-id=\"c572333\" data-element_type=\"widget\" data-e-type=\"widget\" data-widget_type=\"text-editor.default\">\n\t\t\t\t<div class=\"elementor-widget-container\">\n\t\t\t\t\t\t\t\t\t<p>Via Sabotino, 10 &#8211; 33038<br \/>San Daniele del Friuli (UD)<\/p>\n<p><strong>Tel: <\/strong><a style=\"color: #fff;\" href=\"tel:+39%200432%20941594\">+39 0432 941594<\/a><\/p>\n<p><strong>Email:<\/strong><a style=\"color: #fff;\" href=\"mailto:info@osteriaditancredi.it\"> info@osteriaditancredi.it<\/a><\/p>\n<p><strong>Piva<\/strong>: 02896490303<\/p>\n\t\t\t\t\t\t\t\t<\/div>\n\t\t\t\t<\/div>\n\t\t\t\t<div class=\"elementor-element elementor-element-c444ede elementor-widget-divider--view-line elementor-widget elementor-widget-divider\" data-id=\"c444ede\" data-element_type=\"widget\" data-e-type=\"widget\" data-widget_type=\"divider.default\">\n\t\t\t\t<div class=\"elementor-widget-container\">\n\t\t\t\t\t\t\t<div class=\"elementor-divider\">\n\t\t\t<span class=\"elementor-divider-separator\">\n\t\t\t\t\t\t<\/span>\n\t\t<\/div>\n\t\t\t\t\t\t<\/div>\n\t\t\t\t<\/div>\n\t\t\t\t<div class=\"elementor-element elementor-element-d665bed elementor-shape-circle e-grid-align-left e-grid-align-mobile-center elementor-grid-0 elementor-widget elementor-widget-social-icons\" data-id=\"d665bed\" data-element_type=\"widget\" data-e-type=\"widget\" data-widget_type=\"social-icons.default\">\n\t\t\t\t<div class=\"elementor-widget-container\">\n\t\t\t\t\t\t\t<div class=\"elementor-social-icons-wrapper elementor-grid\" role=\"list\">\n\t\t\t\t\t\t\t<span class=\"elementor-grid-item\" role=\"listitem\">\n\t\t\t\t\t<a class=\"elementor-icon elementor-social-icon elementor-social-icon-facebook elementor-repeater-item-d6d9b71\" href=\"https:\/\/www.facebook.com\/OsteriaDiTancredi\" target=\"_blank\">\n\t\t\t\t\t\t<span class=\"elementor-screen-only\">Facebook<\/span>\n\t\t\t\t\t\t<i aria-hidden=\"true\" class=\"fab fa-facebook\"><\/i>\t\t\t\t\t<\/a>\n\t\t\t\t<\/span>\n\t\t\t\t\t\t\t<span class=\"elementor-grid-item\" role=\"listitem\">\n\t\t\t\t\t<a class=\"elementor-icon elementor-social-icon elementor-social-icon-instagram elementor-repeater-item-92f9afe\" href=\"https:\/\/www.instagram.com\/osteria_di_tancredi\/\" target=\"_blank\">\n\t\t\t\t\t\t<span class=\"elementor-screen-only\">Instagram<\/span>\n\t\t\t\t\t\t<i aria-hidden=\"true\" class=\"fab fa-instagram\"><\/i>\t\t\t\t\t<\/a>\n\t\t\t\t<\/span>\n\t\t\t\t\t\t\t<span class=\"elementor-grid-item\" role=\"listitem\">\n\t\t\t\t\t<a class=\"elementor-icon elementor-social-icon elementor-social-icon-tripadvisor elementor-repeater-item-b126ede\" href=\"https:\/\/www.tripadvisor.it\/Restaurant_Review-g790404-d2229784-Reviews-L_Osteria_di_Tancredi-San_Daniele_del_Friuli_Province_of_Udine_Friuli_Venezia_Giu.html\" target=\"_blank\">\n\t\t\t\t\t\t<span class=\"elementor-screen-only\">Tripadvisor<\/span>\n\t\t\t\t\t\t<i aria-hidden=\"true\" class=\"fab fa-tripadvisor\"><\/i>\t\t\t\t\t<\/a>\n\t\t\t\t<\/span>\n\t\t\t\t\t<\/div>\n\t\t\t\t\t\t<\/div>\n\t\t\t\t<\/div>\n\t\t\t\t\t<\/div>\n\t\t<\/div>\n\t\t\t\t\t<\/div>\n\t\t<\/section>\n\t\t\t\t<section class=\"elementor-section elementor-top-section elementor-element elementor-element-45d6709 elementor-section-full_width elementor-section-stretched elementor-section-height-default elementor-section-height-default\" data-id=\"45d6709\" data-element_type=\"section\" data-e-type=\"section\" data-settings=\"{&quot;stretch_section&quot;:&quot;section-stretched&quot;}\">\n\t\t\t\t\t\t<div class=\"elementor-container elementor-column-gap-default\">\n\t\t\t\t\t<div class=\"elementor-column elementor-col-100 elementor-top-column elementor-element elementor-element-296aca5\" data-id=\"296aca5\" data-element_type=\"column\" data-e-type=\"column\">\n\t\t\t<div class=\"elementor-widget-wrap elementor-element-populated\">\n\t\t\t\t\t\t<div class=\"elementor-element elementor-element-009e9ed elementor-widget elementor-widget-html\" data-id=\"009e9ed\" data-element_type=\"widget\" data-e-type=\"widget\" data-widget_type=\"html.default\">\n\t\t\t\t<div class=\"elementor-widget-container\">\n\t\t\t\t\t<iframe src=\"https:\/\/www.google.com\/maps\/embed?pb=!1m14!1m8!1m3!1d690.8705266559375!2d13.010901!3d46.161058!3m2!1i1024!2i768!4f13.1!3m3!1m2!1s0x477a2e82e07290eb%3A0x3db16006a8315c75!2sL'osteria%20Di%20Tancredi!5e0!3m2!1sit!2sit!4v1681995965456!5m2!1sit!2sit\" width=\"100%\" height=\"400\" style=\"border:0;\" allowfullscreen=\"\" loading=\"lazy\" referrerpolicy=\"no-referrer-when-downgrade\"><\/iframe>\t\t\t\t<\/div>\n\t\t\t\t<\/div>\n\t\t\t\t\t<\/div>\n\t\t<\/div>\n\t\t\t\t\t<\/div>\n\t\t<\/section>\n\t\t\t\t<\/div>\n\t\t","protected":false},"excerpt":{"rendered":"<p>Unsere Kontaktdaten M\u00f6chten Sie einen Tisch reservieren? Schreiben Sie uns, wir melden uns so schnell wie m\u00f6glich zur\u00fcck! L&#8217;Osteria di Tancredi Via Sabotino, 10 &#8211; 33038San Daniele del Friuli (UD) Tel: +39 0432 941594 Email: info@osteriaditancredi.it Piva: 02896490303 Facebook Instagram Tripadvisor<\/p>\n","protected":false},"author":1,"featured_media":0,"parent":0,"menu_order":0,"comment_status":"closed","ping_status":"closed","template":"","meta":{"footnotes":""},"class_list":["post-2656","page","type-page","status-publish","hentry"],"yoast_head":"<!-- This site is optimized with the Yoast SEO plugin v27.5 - https:\/\/yoast.com\/product\/yoast-seo-wordpress\/ -->\n<title>Reservierungen - L&#039;Osteria di Tancredi<\/title>\n<meta name=\"robots\" content=\"index, follow, max-snippet:-1, max-image-preview:large, max-video-preview:-1\" \/>\n<link rel=\"canonical\" href=\"https:\/\/osteriaditancredi.it\/de\/reservierungen\/\" \/>\n<meta property=\"og:locale\" content=\"de_DE\" \/>\n<meta property=\"og:type\" content=\"article\" \/>\n<meta property=\"og:title\" content=\"Reservierungen - L&#039;Osteria di Tancredi\" \/>\n<meta property=\"og:description\" content=\"Unsere Kontaktdaten M\u00f6chten Sie einen Tisch reservieren? Schreiben Sie uns, wir melden uns so schnell wie m\u00f6glich zur\u00fcck! L&#8217;Osteria di Tancredi Via Sabotino, 10 &#8211; 33038San Daniele del Friuli (UD) Tel: +39 0432 941594 Email: info@osteriaditancredi.it Piva: 02896490303 Facebook Instagram Tripadvisor\" \/>\n<meta property=\"og:url\" content=\"https:\/\/osteriaditancredi.it\/de\/reservierungen\/\" \/>\n<meta property=\"og:site_name\" content=\"L&#039;Osteria di Tancredi\" \/>\n<meta property=\"article:publisher\" content=\"https:\/\/www.facebook.com\/famigliacinellobio\/\" \/>\n<meta property=\"article:modified_time\" content=\"2023-05-25T09:15:43+00:00\" \/>\n<meta property=\"og:image\" content=\"https:\/\/osteriaditancredi.it\/wp-content\/uploads\/2023\/04\/logo-new.png\" \/>\n\t<meta property=\"og:image:width\" content=\"472\" \/>\n\t<meta property=\"og:image:height\" content=\"216\" \/>\n\t<meta property=\"og:image:type\" content=\"image\/png\" \/>\n<meta name=\"twitter:card\" content=\"summary_large_image\" \/>\n<meta name=\"twitter:label1\" content=\"Gesch\u00e4tzte Lesezeit\" \/>\n\t<meta name=\"twitter:data1\" content=\"1\u00a0Minute\" \/>\n<script type=\"application\/ld+json\" class=\"yoast-schema-graph\">{\"@context\":\"https:\\\/\\\/schema.org\",\"@graph\":[{\"@type\":\"WebPage\",\"@id\":\"https:\\\/\\\/osteriaditancredi.it\\\/de\\\/reservierungen\\\/\",\"url\":\"https:\\\/\\\/osteriaditancredi.it\\\/de\\\/reservierungen\\\/\",\"name\":\"Reservierungen - L&#039;Osteria di Tancredi\",\"isPartOf\":{\"@id\":\"https:\\\/\\\/osteriaditancredi.it\\\/de\\\/#website\"},\"datePublished\":\"2021-07-22T13:44:40+00:00\",\"dateModified\":\"2023-05-25T09:15:43+00:00\",\"breadcrumb\":{\"@id\":\"https:\\\/\\\/osteriaditancredi.it\\\/de\\\/reservierungen\\\/#breadcrumb\"},\"inLanguage\":\"de\",\"potentialAction\":[{\"@type\":\"ReadAction\",\"target\":[\"https:\\\/\\\/osteriaditancredi.it\\\/de\\\/reservierungen\\\/\"]}]},{\"@type\":\"BreadcrumbList\",\"@id\":\"https:\\\/\\\/osteriaditancredi.it\\\/de\\\/reservierungen\\\/#breadcrumb\",\"itemListElement\":[{\"@type\":\"ListItem\",\"position\":1,\"name\":\"Home\",\"item\":\"https:\\\/\\\/osteriaditancredi.it\\\/de\\\/\"},{\"@type\":\"ListItem\",\"position\":2,\"name\":\"Reservierungen\"}]},{\"@type\":\"WebSite\",\"@id\":\"https:\\\/\\\/osteriaditancredi.it\\\/de\\\/#website\",\"url\":\"https:\\\/\\\/osteriaditancredi.it\\\/de\\\/\",\"name\":\"L'Osteria di Tancredi a San Daniele del Friulio\",\"description\":\"Ristorantino degustazione prosciutto a San Daniele del Friuli UD FVG\",\"publisher\":{\"@id\":\"https:\\\/\\\/osteriaditancredi.it\\\/de\\\/#organization\"},\"alternateName\":\"Osteria degustazione prosciutto a San Daniele\",\"potentialAction\":[{\"@type\":\"SearchAction\",\"target\":{\"@type\":\"EntryPoint\",\"urlTemplate\":\"https:\\\/\\\/osteriaditancredi.it\\\/de\\\/?s={search_term_string}\"},\"query-input\":{\"@type\":\"PropertyValueSpecification\",\"valueRequired\":true,\"valueName\":\"search_term_string\"}}],\"inLanguage\":\"de\"},{\"@type\":\"Organization\",\"@id\":\"https:\\\/\\\/osteriaditancredi.it\\\/de\\\/#organization\",\"name\":\"L'Osteria di Tancredi a San Daniele del Friulio\",\"alternateName\":\"Ristorantino degustazione prosciutto a San Daniele del Friuli UD FVG\",\"url\":\"https:\\\/\\\/osteriaditancredi.it\\\/de\\\/\",\"logo\":{\"@type\":\"ImageObject\",\"inLanguage\":\"de\",\"@id\":\"https:\\\/\\\/osteriaditancredi.it\\\/de\\\/#\\\/schema\\\/logo\\\/image\\\/\",\"url\":\"https:\\\/\\\/osteriaditancredi.it\\\/wp-content\\\/uploads\\\/2023\\\/04\\\/logo-new.png\",\"contentUrl\":\"https:\\\/\\\/osteriaditancredi.it\\\/wp-content\\\/uploads\\\/2023\\\/04\\\/logo-new.png\",\"width\":472,\"height\":216,\"caption\":\"L'Osteria di Tancredi a San Daniele del Friulio\"},\"image\":{\"@id\":\"https:\\\/\\\/osteriaditancredi.it\\\/de\\\/#\\\/schema\\\/logo\\\/image\\\/\"},\"sameAs\":[\"https:\\\/\\\/www.facebook.com\\\/famigliacinellobio\\\/\",\"https:\\\/\\\/www.instagram.com\\\/famigliacinellobio\\\/\"]}]}<\/script>\n<!-- \/ Yoast SEO plugin. -->","yoast_head_json":{"title":"Reservierungen - L&#039;Osteria di Tancredi","robots":{"index":"index","follow":"follow","max-snippet":"max-snippet:-1","max-image-preview":"max-image-preview:large","max-video-preview":"max-video-preview:-1"},"canonical":"https:\/\/osteriaditancredi.it\/de\/reservierungen\/","og_locale":"de_DE","og_type":"article","og_title":"Reservierungen - L&#039;Osteria di Tancredi","og_description":"Unsere Kontaktdaten M\u00f6chten Sie einen Tisch reservieren? Schreiben Sie uns, wir melden uns so schnell wie m\u00f6glich zur\u00fcck! L&#8217;Osteria di Tancredi Via Sabotino, 10 &#8211; 33038San Daniele del Friuli (UD) Tel: +39 0432 941594 Email: info@osteriaditancredi.it Piva: 02896490303 Facebook Instagram Tripadvisor","og_url":"https:\/\/osteriaditancredi.it\/de\/reservierungen\/","og_site_name":"L&#039;Osteria di Tancredi","article_publisher":"https:\/\/www.facebook.com\/famigliacinellobio\/","article_modified_time":"2023-05-25T09:15:43+00:00","og_image":[{"width":472,"height":216,"url":"https:\/\/osteriaditancredi.it\/wp-content\/uploads\/2023\/04\/logo-new.png","type":"image\/png"}],"twitter_card":"summary_large_image","twitter_misc":{"Gesch\u00e4tzte Lesezeit":"1\u00a0Minute"},"schema":{"@context":"https:\/\/schema.org","@graph":[{"@type":"WebPage","@id":"https:\/\/osteriaditancredi.it\/de\/reservierungen\/","url":"https:\/\/osteriaditancredi.it\/de\/reservierungen\/","name":"Reservierungen - L&#039;Osteria di Tancredi","isPartOf":{"@id":"https:\/\/osteriaditancredi.it\/de\/#website"},"datePublished":"2021-07-22T13:44:40+00:00","dateModified":"2023-05-25T09:15:43+00:00","breadcrumb":{"@id":"https:\/\/osteriaditancredi.it\/de\/reservierungen\/#breadcrumb"},"inLanguage":"de","potentialAction":[{"@type":"ReadAction","target":["https:\/\/osteriaditancredi.it\/de\/reservierungen\/"]}]},{"@type":"BreadcrumbList","@id":"https:\/\/osteriaditancredi.it\/de\/reservierungen\/#breadcrumb","itemListElement":[{"@type":"ListItem","position":1,"name":"Home","item":"https:\/\/osteriaditancredi.it\/de\/"},{"@type":"ListItem","position":2,"name":"Reservierungen"}]},{"@type":"WebSite","@id":"https:\/\/osteriaditancredi.it\/de\/#website","url":"https:\/\/osteriaditancredi.it\/de\/","name":"L'Osteria di Tancredi a San Daniele del Friulio","description":"Ristorantino degustazione prosciutto a San Daniele del Friuli UD FVG","publisher":{"@id":"https:\/\/osteriaditancredi.it\/de\/#organization"},"alternateName":"Osteria degustazione prosciutto a San Daniele","potentialAction":[{"@type":"SearchAction","target":{"@type":"EntryPoint","urlTemplate":"https:\/\/osteriaditancredi.it\/de\/?s={search_term_string}"},"query-input":{"@type":"PropertyValueSpecification","valueRequired":true,"valueName":"search_term_string"}}],"inLanguage":"de"},{"@type":"Organization","@id":"https:\/\/osteriaditancredi.it\/de\/#organization","name":"L'Osteria di Tancredi a San Daniele del Friulio","alternateName":"Ristorantino degustazione prosciutto a San Daniele del Friuli UD FVG","url":"https:\/\/osteriaditancredi.it\/de\/","logo":{"@type":"ImageObject","inLanguage":"de","@id":"https:\/\/osteriaditancredi.it\/de\/#\/schema\/logo\/image\/","url":"https:\/\/osteriaditancredi.it\/wp-content\/uploads\/2023\/04\/logo-new.png","contentUrl":"https:\/\/osteriaditancredi.it\/wp-content\/uploads\/2023\/04\/logo-new.png","width":472,"height":216,"caption":"L'Osteria di Tancredi a San Daniele del Friulio"},"image":{"@id":"https:\/\/osteriaditancredi.it\/de\/#\/schema\/logo\/image\/"},"sameAs":["https:\/\/www.facebook.com\/famigliacinellobio\/","https:\/\/www.instagram.com\/famigliacinellobio\/"]}]}},"_links":{"self":[{"href":"https:\/\/osteriaditancredi.it\/de\/wp-json\/wp\/v2\/pages\/2656","targetHints":{"allow":["GET"]}}],"collection":[{"href":"https:\/\/osteriaditancredi.it\/de\/wp-json\/wp\/v2\/pages"}],"about":[{"href":"https:\/\/osteriaditancredi.it\/de\/wp-json\/wp\/v2\/types\/page"}],"author":[{"embeddable":true,"href":"https:\/\/osteriaditancredi.it\/de\/wp-json\/wp\/v2\/users\/1"}],"replies":[{"embeddable":true,"href":"https:\/\/osteriaditancredi.it\/de\/wp-json\/wp\/v2\/comments?post=2656"}],"version-history":[{"count":0,"href":"https:\/\/osteriaditancredi.it\/de\/wp-json\/wp\/v2\/pages\/2656\/revisions"}],"wp:attachment":[{"href":"https:\/\/osteriaditancredi.it\/de\/wp-json\/wp\/v2\/media?parent=2656"}],"curies":[{"name":"wp","href":"https:\/\/api.w.org\/{rel}","templated":true}]}}