{"id":2648,"date":"2021-09-09T11:13:19","date_gmt":"2021-09-09T09:13:19","guid":{"rendered":"https:\/\/dev.treativa.it\/bozze\/tancredi\/von-der-mutter-zur-tochter\/"},"modified":"2023-05-17T10:41:31","modified_gmt":"2023-05-17T08:41:31","slug":"von-der-mutter-zur-tochter","status":"publish","type":"page","link":"https:\/\/osteriaditancredi.it\/de\/von-der-mutter-zur-tochter\/","title":{"rendered":"Von der Mutter zur Tochter"},"content":{"rendered":"\t\t<div data-elementor-type=\"wp-page\" data-elementor-id=\"2648\" class=\"elementor elementor-2648 elementor-603\" data-elementor-post-type=\"page\">\n\t\t\t\t\t\t<section class=\"elementor-section elementor-top-section elementor-element elementor-element-1ab13e2 elementor-section-full_width elementor-hidden-mobile elementor-section-height-default elementor-section-height-default\" data-id=\"1ab13e2\" data-element_type=\"section\" data-e-type=\"section\">\n\t\t\t\t\t\t<div class=\"elementor-container elementor-column-gap-no\">\n\t\t\t\t\t<div class=\"elementor-column elementor-col-100 elementor-top-column elementor-element elementor-element-ac193ea\" data-id=\"ac193ea\" data-element_type=\"column\" data-e-type=\"column\">\n\t\t\t<div class=\"elementor-widget-wrap elementor-element-populated\">\n\t\t\t\t\t\t<div class=\"elementor-element elementor-element-91d906f elementor-widget elementor-widget-text-editor\" data-id=\"91d906f\" data-element_type=\"widget\" data-e-type=\"widget\" data-widget_type=\"text-editor.default\">\n\t\t\t\t<div class=\"elementor-widget-container\">\n\t\t\t\t\t\t\t\t\t<div><\/div>\n\t\t\t\t\t\t\t\t<\/div>\n\t\t\t\t<\/div>\n\t\t\t\t\t<\/div>\n\t\t<\/div>\n\t\t\t\t\t<\/div>\n\t\t<\/section>\n\t\t\t\t<section class=\"elementor-section elementor-top-section elementor-element elementor-element-6cd3020 elementor-section-full_width elementor-hidden-desktop elementor-hidden-tablet elementor-section-height-default elementor-section-height-default\" data-id=\"6cd3020\" data-element_type=\"section\" data-e-type=\"section\">\n\t\t\t\t\t\t<div class=\"elementor-container elementor-column-gap-no\">\n\t\t\t\t\t<div class=\"elementor-column elementor-col-100 elementor-top-column elementor-element elementor-element-049df37\" data-id=\"049df37\" data-element_type=\"column\" data-e-type=\"column\">\n\t\t\t<div class=\"elementor-widget-wrap elementor-element-populated\">\n\t\t\t\t\t\t<div class=\"elementor-element elementor-element-5ea7741 elementor-widget elementor-widget-image\" data-id=\"5ea7741\" data-element_type=\"widget\" data-e-type=\"widget\" data-widget_type=\"image.default\">\n\t\t\t\t<div class=\"elementor-widget-container\">\n\t\t\t\t\t\t\t\t\t\t\t\t\t\t\t<img fetchpriority=\"high\" decoding=\"async\" width=\"1200\" height=\"800\" src=\"https:\/\/osteriaditancredi.it\/wp-content\/uploads\/2023\/04\/osteria-tancredi-03.jpg\" class=\"attachment-full size-full wp-image-2624\" alt=\"\" srcset=\"https:\/\/osteriaditancredi.it\/wp-content\/uploads\/2023\/04\/osteria-tancredi-03.jpg 1200w, https:\/\/osteriaditancredi.it\/wp-content\/uploads\/2023\/04\/osteria-tancredi-03-300x200.jpg 300w, https:\/\/osteriaditancredi.it\/wp-content\/uploads\/2023\/04\/osteria-tancredi-03-1024x683.jpg 1024w, https:\/\/osteriaditancredi.it\/wp-content\/uploads\/2023\/04\/osteria-tancredi-03-768x512.jpg 768w\" sizes=\"(max-width: 1200px) 100vw, 1200px\" \/>\t\t\t\t\t\t\t\t\t\t\t\t\t\t\t<\/div>\n\t\t\t\t<\/div>\n\t\t\t\t\t<\/div>\n\t\t<\/div>\n\t\t\t\t\t<\/div>\n\t\t<\/section>\n\t\t\t\t<section class=\"elementor-section elementor-top-section elementor-element elementor-element-a036e47 elementor-section-boxed elementor-section-height-default elementor-section-height-default\" data-id=\"a036e47\" data-element_type=\"section\" data-e-type=\"section\" data-settings=\"{&quot;background_background&quot;:&quot;classic&quot;}\">\n\t\t\t\t\t\t<div class=\"elementor-container elementor-column-gap-custom\">\n\t\t\t\t\t<div class=\"elementor-column elementor-col-100 elementor-top-column elementor-element elementor-element-3cb836a\" data-id=\"3cb836a\" data-element_type=\"column\" data-e-type=\"column\">\n\t\t\t<div class=\"elementor-widget-wrap elementor-element-populated\">\n\t\t\t\t\t\t<div class=\"elementor-element elementor-element-5a4df27 elementor-widget elementor-widget-heading\" data-id=\"5a4df27\" data-element_type=\"widget\" data-e-type=\"widget\" data-widget_type=\"heading.default\">\n\t\t\t\t<div class=\"elementor-widget-container\">\n\t\t\t\t\t<h2 class=\"elementor-heading-title elementor-size-default\">Von der Mutter zur Tochter<\/h2>\t\t\t\t<\/div>\n\t\t\t\t<\/div>\n\t\t\t\t<div class=\"elementor-element elementor-element-5048f96 elementor-widget-divider--view-line elementor-widget elementor-widget-divider\" data-id=\"5048f96\" data-element_type=\"widget\" data-e-type=\"widget\" data-widget_type=\"divider.default\">\n\t\t\t\t<div class=\"elementor-widget-container\">\n\t\t\t\t\t\t\t<div class=\"elementor-divider\">\n\t\t\t<span class=\"elementor-divider-separator\">\n\t\t\t\t\t\t<\/span>\n\t\t<\/div>\n\t\t\t\t\t\t<\/div>\n\t\t\t\t<\/div>\n\t\t\t\t<div class=\"elementor-element elementor-element-601aa81 elementor-widget elementor-widget-heading\" data-id=\"601aa81\" data-element_type=\"widget\" data-e-type=\"widget\" data-widget_type=\"heading.default\">\n\t\t\t\t<div class=\"elementor-widget-container\">\n\t\t\t\t\t<h5 class=\"elementor-heading-title elementor-size-default\">Ein verstecktes Pl\u00e4tzchen, wo die Menschen gezielt hingehen m\u00fcssen.<\/h5>\t\t\t\t<\/div>\n\t\t\t\t<\/div>\n\t\t\t\t\t<\/div>\n\t\t<\/div>\n\t\t\t\t\t<\/div>\n\t\t<\/section>\n\t\t\t\t<section class=\"elementor-section elementor-top-section elementor-element elementor-element-abd6763 elementor-section-boxed elementor-section-height-default elementor-section-height-default\" data-id=\"abd6763\" data-element_type=\"section\" data-e-type=\"section\" data-settings=\"{&quot;animation_mobile&quot;:&quot;none&quot;}\">\n\t\t\t\t\t\t<div class=\"elementor-container elementor-column-gap-default\">\n\t\t\t\t\t<div class=\"elementor-column elementor-col-50 elementor-top-column elementor-element elementor-element-85a9d8b\" data-id=\"85a9d8b\" data-element_type=\"column\" data-e-type=\"column\" data-settings=\"{&quot;animation_mobile&quot;:&quot;none&quot;}\">\n\t\t\t<div class=\"elementor-widget-wrap elementor-element-populated\">\n\t\t\t\t\t\t<div class=\"elementor-element elementor-element-86736fd elementor-widget elementor-widget-image\" data-id=\"86736fd\" data-element_type=\"widget\" data-e-type=\"widget\" data-widget_type=\"image.default\">\n\t\t\t\t<div class=\"elementor-widget-container\">\n\t\t\t\t\t\t\t\t\t\t\t\t\t\t\t<img decoding=\"async\" width=\"1200\" height=\"800\" src=\"https:\/\/osteriaditancredi.it\/wp-content\/uploads\/2023\/04\/osteria-tancredi-01.jpg\" class=\"attachment-full size-full wp-image-2620\" alt=\"\" srcset=\"https:\/\/osteriaditancredi.it\/wp-content\/uploads\/2023\/04\/osteria-tancredi-01.jpg 1200w, https:\/\/osteriaditancredi.it\/wp-content\/uploads\/2023\/04\/osteria-tancredi-01-300x200.jpg 300w, https:\/\/osteriaditancredi.it\/wp-content\/uploads\/2023\/04\/osteria-tancredi-01-1024x683.jpg 1024w, https:\/\/osteriaditancredi.it\/wp-content\/uploads\/2023\/04\/osteria-tancredi-01-768x512.jpg 768w\" sizes=\"(max-width: 1200px) 100vw, 1200px\" \/>\t\t\t\t\t\t\t\t\t\t\t\t\t\t\t<\/div>\n\t\t\t\t<\/div>\n\t\t\t\t\t<\/div>\n\t\t<\/div>\n\t\t\t\t<div class=\"elementor-column elementor-col-50 elementor-top-column elementor-element elementor-element-5a961cb elementor-hidden-mobile\" data-id=\"5a961cb\" data-element_type=\"column\" data-e-type=\"column\" data-settings=\"{&quot;animation_mobile&quot;:&quot;none&quot;}\">\n\t\t\t<div class=\"elementor-widget-wrap elementor-element-populated\">\n\t\t\t\t\t\t<div class=\"elementor-element elementor-element-7ef640d elementor-widget elementor-widget-image\" data-id=\"7ef640d\" data-element_type=\"widget\" data-e-type=\"widget\" data-widget_type=\"image.default\">\n\t\t\t\t<div class=\"elementor-widget-container\">\n\t\t\t\t\t\t\t\t\t\t\t\t\t\t\t<img decoding=\"async\" width=\"1200\" height=\"800\" src=\"https:\/\/osteriaditancredi.it\/wp-content\/uploads\/2023\/05\/tancredi1.jpg\" class=\"attachment-full size-full wp-image-2738\" alt=\"\" srcset=\"https:\/\/osteriaditancredi.it\/wp-content\/uploads\/2023\/05\/tancredi1.jpg 1200w, https:\/\/osteriaditancredi.it\/wp-content\/uploads\/2023\/05\/tancredi1-300x200.jpg 300w, https:\/\/osteriaditancredi.it\/wp-content\/uploads\/2023\/05\/tancredi1-1024x683.jpg 1024w, https:\/\/osteriaditancredi.it\/wp-content\/uploads\/2023\/05\/tancredi1-768x512.jpg 768w\" sizes=\"(max-width: 1200px) 100vw, 1200px\" \/>\t\t\t\t\t\t\t\t\t\t\t\t\t\t\t<\/div>\n\t\t\t\t<\/div>\n\t\t\t\t\t<\/div>\n\t\t<\/div>\n\t\t\t\t\t<\/div>\n\t\t<\/section>\n\t\t\t\t<section class=\"elementor-section elementor-top-section elementor-element elementor-element-c84ae93 elementor-section-boxed elementor-section-height-default elementor-section-height-default\" data-id=\"c84ae93\" data-element_type=\"section\" data-e-type=\"section\" data-settings=\"{&quot;animation_mobile&quot;:&quot;none&quot;}\">\n\t\t\t\t\t\t<div class=\"elementor-container elementor-column-gap-default\">\n\t\t\t\t\t<div class=\"elementor-column elementor-col-100 elementor-top-column elementor-element elementor-element-f35f2e8\" data-id=\"f35f2e8\" data-element_type=\"column\" data-e-type=\"column\" data-settings=\"{&quot;animation_mobile&quot;:&quot;none&quot;}\">\n\t\t\t<div class=\"elementor-widget-wrap elementor-element-populated\">\n\t\t\t\t\t\t<div class=\"elementor-element elementor-element-2d5c7d2 elementor-invisible elementor-widget elementor-widget-text-editor\" data-id=\"2d5c7d2\" data-element_type=\"widget\" data-e-type=\"widget\" data-settings=\"{&quot;_animation&quot;:&quot;fadeIn&quot;,&quot;_animation_delay&quot;:200}\" data-widget_type=\"text-editor.default\">\n\t\t\t\t<div class=\"elementor-widget-container\">\n\t\t\t\t\t\t\t\t\t<p>Liebe Freunde, bis zum Jahre 1976 befand sich in diesem Geb\u00e4ude eine B\u00e4ckerei, die infolge der Sch\u00e4den, die das Erdbeben anrichtete, das unsere geliebte Region Friaul damals heimgesucht hatte, geschlossen werden musste. Das Geb\u00e4ude wurde Mitte der 90er Jahre renoviert und dabei entdeckte man S\u00e4ulen aus dem 16. Jahrhundert.<\/p>\n<p>\u201eEin verstecktes Pl\u00e4tzchen, wo die Menschen gezielt hingehen m\u00fcssen\u201c, mit diesen Worten empfahl mir eine Freundin, einmal einen Blick in das kleine Lokal in der Via Sabotino 10 zu werfen, das nur wenige Schritte von der Piazza Centrale von <strong>San Daniele<\/strong> entfernt liegt. Das war im Fr\u00fchjahr 2001.<br \/>2002 er\u00f6ffnete ich nach einigen Instandsetzungsarbeiten die <strong>Osteria di Tancredi<\/strong> in Erinnerung an meinen Vater <strong>Tancredi Clochiatti<\/strong>, der kein Wirt, sondern ein ehemaliger Minenarbeiter war, ein Arbeiter, ein guter Mann. Hinter der Theke hat tats\u00e4chlich nie ein Tancredi gestanden, der Gl\u00e4ser mit Wein f\u00fcllte oder Schinken schnitt.<\/p>\n<p>Dort gibt es jedoch ein Foto in Lebensgr\u00f6\u00dfe &#8230;<\/p>\n<p>Abgesehen davon, freue ich mich, Sie mit der friaulischen Einfachheit willkommen zu hei\u00dfen und zu hoffen, aus ihrer Wahl einen angenehmen Aufenthalt zu machen.<\/p>\n<p>Seit 2016 hat meine Tochter Guendalina die Bewirtschaftung \u00fcbernommen.<\/p>\n<p><strong>Ich danke ihr, dass sie hier ist.<\/strong><\/p>\n\t\t\t\t\t\t\t\t<\/div>\n\t\t\t\t<\/div>\n\t\t\t\t\t<\/div>\n\t\t<\/div>\n\t\t\t\t\t<\/div>\n\t\t<\/section>\n\t\t\t\t<section class=\"elementor-section elementor-top-section elementor-element elementor-element-1118061 elementor-section-boxed elementor-section-height-default elementor-section-height-default elementor-invisible\" data-id=\"1118061\" data-element_type=\"section\" data-e-type=\"section\" data-settings=\"{&quot;animation&quot;:&quot;fadeIn&quot;,&quot;animation_delay&quot;:0,&quot;animation_mobile&quot;:&quot;none&quot;}\">\n\t\t\t\t\t\t<div class=\"elementor-container elementor-column-gap-default\">\n\t\t\t\t\t<div class=\"elementor-column elementor-col-100 elementor-top-column elementor-element elementor-element-d452bcf\" data-id=\"d452bcf\" data-element_type=\"column\" data-e-type=\"column\">\n\t\t\t<div class=\"elementor-widget-wrap elementor-element-populated\">\n\t\t\t\t\t\t<div class=\"elementor-element elementor-element-2ab988c elementor-align-center elementor-widget elementor-widget-button\" data-id=\"2ab988c\" data-element_type=\"widget\" data-e-type=\"widget\" data-widget_type=\"button.default\">\n\t\t\t\t<div class=\"elementor-widget-container\">\n\t\t\t\t\t\t\t\t\t<div class=\"elementor-button-wrapper\">\n\t\t\t\t\t<a class=\"elementor-button elementor-button-link elementor-size-md elementor-animation-grow\" href=\"https:\/\/osteriaditancredi.it\/de\/reservierungen\/\">\n\t\t\t\t\t\t<span class=\"elementor-button-content-wrapper\">\n\t\t\t\t\t\t<span class=\"elementor-button-icon\">\n\t\t\t\t<i aria-hidden=\"true\" class=\"fas fa-angle-right\"><\/i>\t\t\t<\/span>\n\t\t\t\t\t\t\t\t\t<span class=\"elementor-button-text\">Reservieren Sie einen Tisch <\/span>\n\t\t\t\t\t<\/span>\n\t\t\t\t\t<\/a>\n\t\t\t\t<\/div>\n\t\t\t\t\t\t\t\t<\/div>\n\t\t\t\t<\/div>\n\t\t\t\t\t<\/div>\n\t\t<\/div>\n\t\t\t\t\t<\/div>\n\t\t<\/section>\n\t\t\t\t<\/div>\n\t\t","protected":false},"excerpt":{"rendered":"<p>Von der Mutter zur Tochter Ein verstecktes Pl\u00e4tzchen, wo die Menschen gezielt hingehen m\u00fcssen. Liebe Freunde, bis zum Jahre 1976 befand sich in diesem Geb\u00e4ude eine B\u00e4ckerei, die infolge der Sch\u00e4den, die das Erdbeben anrichtete, das unsere geliebte Region Friaul damals heimgesucht hatte, geschlossen werden musste. Das Geb\u00e4ude wurde Mitte der 90er Jahre renoviert und [&hellip;]<\/p>\n","protected":false},"author":1,"featured_media":0,"parent":0,"menu_order":0,"comment_status":"closed","ping_status":"closed","template":"","meta":{"footnotes":""},"class_list":["post-2648","page","type-page","status-publish","hentry"],"yoast_head":"<!-- This site is optimized with the Yoast SEO plugin v27.4 - https:\/\/yoast.com\/product\/yoast-seo-wordpress\/ -->\n<title>Von der Mutter zur Tochter - L&#039;Osteria di Tancredi<\/title>\n<meta name=\"robots\" content=\"index, follow, max-snippet:-1, max-image-preview:large, max-video-preview:-1\" \/>\n<link rel=\"canonical\" href=\"https:\/\/osteriaditancredi.it\/de\/von-der-mutter-zur-tochter\/\" \/>\n<meta property=\"og:locale\" content=\"de_DE\" \/>\n<meta property=\"og:type\" content=\"article\" \/>\n<meta property=\"og:title\" content=\"Von der Mutter zur Tochter - L&#039;Osteria di Tancredi\" \/>\n<meta property=\"og:description\" content=\"Von der Mutter zur Tochter Ein verstecktes Pl\u00e4tzchen, wo die Menschen gezielt hingehen m\u00fcssen. Liebe Freunde, bis zum Jahre 1976 befand sich in diesem Geb\u00e4ude eine B\u00e4ckerei, die infolge der Sch\u00e4den, die das Erdbeben anrichtete, das unsere geliebte Region Friaul damals heimgesucht hatte, geschlossen werden musste. Das Geb\u00e4ude wurde Mitte der 90er Jahre renoviert und [&hellip;]\" \/>\n<meta property=\"og:url\" content=\"https:\/\/osteriaditancredi.it\/de\/von-der-mutter-zur-tochter\/\" \/>\n<meta property=\"og:site_name\" content=\"L&#039;Osteria di Tancredi\" \/>\n<meta property=\"article:publisher\" content=\"https:\/\/www.facebook.com\/famigliacinellobio\/\" \/>\n<meta property=\"article:modified_time\" content=\"2023-05-17T08:41:31+00:00\" \/>\n<meta property=\"og:image\" content=\"https:\/\/osteriaditancredi.it\/wp-content\/uploads\/2023\/04\/osteria-tancredi-03.jpg\" \/>\n<meta name=\"twitter:card\" content=\"summary_large_image\" \/>\n<meta name=\"twitter:label1\" content=\"Gesch\u00e4tzte Lesezeit\" \/>\n\t<meta name=\"twitter:data1\" content=\"2\u00a0Minuten\" \/>\n<script type=\"application\/ld+json\" class=\"yoast-schema-graph\">{\"@context\":\"https:\\\/\\\/schema.org\",\"@graph\":[{\"@type\":\"WebPage\",\"@id\":\"https:\\\/\\\/osteriaditancredi.it\\\/de\\\/von-der-mutter-zur-tochter\\\/\",\"url\":\"https:\\\/\\\/osteriaditancredi.it\\\/de\\\/von-der-mutter-zur-tochter\\\/\",\"name\":\"Von der Mutter zur Tochter - L&#039;Osteria di Tancredi\",\"isPartOf\":{\"@id\":\"https:\\\/\\\/osteriaditancredi.it\\\/de\\\/#website\"},\"primaryImageOfPage\":{\"@id\":\"https:\\\/\\\/osteriaditancredi.it\\\/de\\\/von-der-mutter-zur-tochter\\\/#primaryimage\"},\"image\":{\"@id\":\"https:\\\/\\\/osteriaditancredi.it\\\/de\\\/von-der-mutter-zur-tochter\\\/#primaryimage\"},\"thumbnailUrl\":\"https:\\\/\\\/osteriaditancredi.it\\\/wp-content\\\/uploads\\\/2023\\\/04\\\/osteria-tancredi-03.jpg\",\"datePublished\":\"2021-09-09T09:13:19+00:00\",\"dateModified\":\"2023-05-17T08:41:31+00:00\",\"breadcrumb\":{\"@id\":\"https:\\\/\\\/osteriaditancredi.it\\\/de\\\/von-der-mutter-zur-tochter\\\/#breadcrumb\"},\"inLanguage\":\"de\",\"potentialAction\":[{\"@type\":\"ReadAction\",\"target\":[\"https:\\\/\\\/osteriaditancredi.it\\\/de\\\/von-der-mutter-zur-tochter\\\/\"]}]},{\"@type\":\"ImageObject\",\"inLanguage\":\"de\",\"@id\":\"https:\\\/\\\/osteriaditancredi.it\\\/de\\\/von-der-mutter-zur-tochter\\\/#primaryimage\",\"url\":\"https:\\\/\\\/osteriaditancredi.it\\\/wp-content\\\/uploads\\\/2023\\\/04\\\/osteria-tancredi-03.jpg\",\"contentUrl\":\"https:\\\/\\\/osteriaditancredi.it\\\/wp-content\\\/uploads\\\/2023\\\/04\\\/osteria-tancredi-03.jpg\"},{\"@type\":\"BreadcrumbList\",\"@id\":\"https:\\\/\\\/osteriaditancredi.it\\\/de\\\/von-der-mutter-zur-tochter\\\/#breadcrumb\",\"itemListElement\":[{\"@type\":\"ListItem\",\"position\":1,\"name\":\"Home\",\"item\":\"https:\\\/\\\/osteriaditancredi.it\\\/de\\\/\"},{\"@type\":\"ListItem\",\"position\":2,\"name\":\"Von der Mutter zur Tochter\"}]},{\"@type\":\"WebSite\",\"@id\":\"https:\\\/\\\/osteriaditancredi.it\\\/de\\\/#website\",\"url\":\"https:\\\/\\\/osteriaditancredi.it\\\/de\\\/\",\"name\":\"L'Osteria di Tancredi a San Daniele del Friulio\",\"description\":\"Ristorantino degustazione prosciutto a San Daniele del Friuli UD FVG\",\"publisher\":{\"@id\":\"https:\\\/\\\/osteriaditancredi.it\\\/de\\\/#organization\"},\"alternateName\":\"Osteria degustazione prosciutto a San Daniele\",\"potentialAction\":[{\"@type\":\"SearchAction\",\"target\":{\"@type\":\"EntryPoint\",\"urlTemplate\":\"https:\\\/\\\/osteriaditancredi.it\\\/de\\\/?s={search_term_string}\"},\"query-input\":{\"@type\":\"PropertyValueSpecification\",\"valueRequired\":true,\"valueName\":\"search_term_string\"}}],\"inLanguage\":\"de\"},{\"@type\":\"Organization\",\"@id\":\"https:\\\/\\\/osteriaditancredi.it\\\/de\\\/#organization\",\"name\":\"L'Osteria di Tancredi a San Daniele del Friulio\",\"alternateName\":\"Ristorantino degustazione prosciutto a San Daniele del Friuli UD FVG\",\"url\":\"https:\\\/\\\/osteriaditancredi.it\\\/de\\\/\",\"logo\":{\"@type\":\"ImageObject\",\"inLanguage\":\"de\",\"@id\":\"https:\\\/\\\/osteriaditancredi.it\\\/de\\\/#\\\/schema\\\/logo\\\/image\\\/\",\"url\":\"https:\\\/\\\/osteriaditancredi.it\\\/wp-content\\\/uploads\\\/2023\\\/04\\\/logo-new.png\",\"contentUrl\":\"https:\\\/\\\/osteriaditancredi.it\\\/wp-content\\\/uploads\\\/2023\\\/04\\\/logo-new.png\",\"width\":472,\"height\":216,\"caption\":\"L'Osteria di Tancredi a San Daniele del Friulio\"},\"image\":{\"@id\":\"https:\\\/\\\/osteriaditancredi.it\\\/de\\\/#\\\/schema\\\/logo\\\/image\\\/\"},\"sameAs\":[\"https:\\\/\\\/www.facebook.com\\\/famigliacinellobio\\\/\",\"https:\\\/\\\/www.instagram.com\\\/famigliacinellobio\\\/\"]}]}<\/script>\n<!-- \/ Yoast SEO plugin. -->","yoast_head_json":{"title":"Von der Mutter zur Tochter - L&#039;Osteria di Tancredi","robots":{"index":"index","follow":"follow","max-snippet":"max-snippet:-1","max-image-preview":"max-image-preview:large","max-video-preview":"max-video-preview:-1"},"canonical":"https:\/\/osteriaditancredi.it\/de\/von-der-mutter-zur-tochter\/","og_locale":"de_DE","og_type":"article","og_title":"Von der Mutter zur Tochter - L&#039;Osteria di Tancredi","og_description":"Von der Mutter zur Tochter Ein verstecktes Pl\u00e4tzchen, wo die Menschen gezielt hingehen m\u00fcssen. Liebe Freunde, bis zum Jahre 1976 befand sich in diesem Geb\u00e4ude eine B\u00e4ckerei, die infolge der Sch\u00e4den, die das Erdbeben anrichtete, das unsere geliebte Region Friaul damals heimgesucht hatte, geschlossen werden musste. Das Geb\u00e4ude wurde Mitte der 90er Jahre renoviert und [&hellip;]","og_url":"https:\/\/osteriaditancredi.it\/de\/von-der-mutter-zur-tochter\/","og_site_name":"L&#039;Osteria di Tancredi","article_publisher":"https:\/\/www.facebook.com\/famigliacinellobio\/","article_modified_time":"2023-05-17T08:41:31+00:00","og_image":[{"url":"https:\/\/osteriaditancredi.it\/wp-content\/uploads\/2023\/04\/osteria-tancredi-03.jpg","type":"","width":"","height":""}],"twitter_card":"summary_large_image","twitter_misc":{"Gesch\u00e4tzte Lesezeit":"2\u00a0Minuten"},"schema":{"@context":"https:\/\/schema.org","@graph":[{"@type":"WebPage","@id":"https:\/\/osteriaditancredi.it\/de\/von-der-mutter-zur-tochter\/","url":"https:\/\/osteriaditancredi.it\/de\/von-der-mutter-zur-tochter\/","name":"Von der Mutter zur Tochter - L&#039;Osteria di Tancredi","isPartOf":{"@id":"https:\/\/osteriaditancredi.it\/de\/#website"},"primaryImageOfPage":{"@id":"https:\/\/osteriaditancredi.it\/de\/von-der-mutter-zur-tochter\/#primaryimage"},"image":{"@id":"https:\/\/osteriaditancredi.it\/de\/von-der-mutter-zur-tochter\/#primaryimage"},"thumbnailUrl":"https:\/\/osteriaditancredi.it\/wp-content\/uploads\/2023\/04\/osteria-tancredi-03.jpg","datePublished":"2021-09-09T09:13:19+00:00","dateModified":"2023-05-17T08:41:31+00:00","breadcrumb":{"@id":"https:\/\/osteriaditancredi.it\/de\/von-der-mutter-zur-tochter\/#breadcrumb"},"inLanguage":"de","potentialAction":[{"@type":"ReadAction","target":["https:\/\/osteriaditancredi.it\/de\/von-der-mutter-zur-tochter\/"]}]},{"@type":"ImageObject","inLanguage":"de","@id":"https:\/\/osteriaditancredi.it\/de\/von-der-mutter-zur-tochter\/#primaryimage","url":"https:\/\/osteriaditancredi.it\/wp-content\/uploads\/2023\/04\/osteria-tancredi-03.jpg","contentUrl":"https:\/\/osteriaditancredi.it\/wp-content\/uploads\/2023\/04\/osteria-tancredi-03.jpg"},{"@type":"BreadcrumbList","@id":"https:\/\/osteriaditancredi.it\/de\/von-der-mutter-zur-tochter\/#breadcrumb","itemListElement":[{"@type":"ListItem","position":1,"name":"Home","item":"https:\/\/osteriaditancredi.it\/de\/"},{"@type":"ListItem","position":2,"name":"Von der Mutter zur Tochter"}]},{"@type":"WebSite","@id":"https:\/\/osteriaditancredi.it\/de\/#website","url":"https:\/\/osteriaditancredi.it\/de\/","name":"L'Osteria di Tancredi a San Daniele del Friulio","description":"Ristorantino degustazione prosciutto a San Daniele del Friuli UD FVG","publisher":{"@id":"https:\/\/osteriaditancredi.it\/de\/#organization"},"alternateName":"Osteria degustazione prosciutto a San Daniele","potentialAction":[{"@type":"SearchAction","target":{"@type":"EntryPoint","urlTemplate":"https:\/\/osteriaditancredi.it\/de\/?s={search_term_string}"},"query-input":{"@type":"PropertyValueSpecification","valueRequired":true,"valueName":"search_term_string"}}],"inLanguage":"de"},{"@type":"Organization","@id":"https:\/\/osteriaditancredi.it\/de\/#organization","name":"L'Osteria di Tancredi a San Daniele del Friulio","alternateName":"Ristorantino degustazione prosciutto a San Daniele del Friuli UD FVG","url":"https:\/\/osteriaditancredi.it\/de\/","logo":{"@type":"ImageObject","inLanguage":"de","@id":"https:\/\/osteriaditancredi.it\/de\/#\/schema\/logo\/image\/","url":"https:\/\/osteriaditancredi.it\/wp-content\/uploads\/2023\/04\/logo-new.png","contentUrl":"https:\/\/osteriaditancredi.it\/wp-content\/uploads\/2023\/04\/logo-new.png","width":472,"height":216,"caption":"L'Osteria di Tancredi a San Daniele del Friulio"},"image":{"@id":"https:\/\/osteriaditancredi.it\/de\/#\/schema\/logo\/image\/"},"sameAs":["https:\/\/www.facebook.com\/famigliacinellobio\/","https:\/\/www.instagram.com\/famigliacinellobio\/"]}]}},"_links":{"self":[{"href":"https:\/\/osteriaditancredi.it\/de\/wp-json\/wp\/v2\/pages\/2648","targetHints":{"allow":["GET"]}}],"collection":[{"href":"https:\/\/osteriaditancredi.it\/de\/wp-json\/wp\/v2\/pages"}],"about":[{"href":"https:\/\/osteriaditancredi.it\/de\/wp-json\/wp\/v2\/types\/page"}],"author":[{"embeddable":true,"href":"https:\/\/osteriaditancredi.it\/de\/wp-json\/wp\/v2\/users\/1"}],"replies":[{"embeddable":true,"href":"https:\/\/osteriaditancredi.it\/de\/wp-json\/wp\/v2\/comments?post=2648"}],"version-history":[{"count":0,"href":"https:\/\/osteriaditancredi.it\/de\/wp-json\/wp\/v2\/pages\/2648\/revisions"}],"wp:attachment":[{"href":"https:\/\/osteriaditancredi.it\/de\/wp-json\/wp\/v2\/media?parent=2648"}],"curies":[{"name":"wp","href":"https:\/\/api.w.org\/{rel}","templated":true}]}}